{"id":233,"date":"2014-09-13T07:45:49","date_gmt":"2014-09-13T07:45:49","guid":{"rendered":"http:\/\/oeil-esprit.com\/livreflore\/produit\/livre-tirage-photogravure-44\/"},"modified":"2014-12-03T14:37:20","modified_gmt":"2014-12-03T14:37:20","slug":"livre-tirage-photogravure-44","status":"publish","type":"product","link":"https:\/\/oeil-esprit.com\/livreflore\/produit\/livre-tirage-photogravure-44\/","title":{"rendered":"Livre + Tirage photogravure"},"content":{"rendered":"","protected":false},"excerpt":{"rendered":"<p><a href=\"http:\/\/flore.ws\/livre\/wp-content\/uploads\/2014\/08\/couv-livre-light.jpg\"><img loading=\"lazy\" decoding=\"async\" class=\"alignright wp-image-46\" src=\"http:\/\/flore.ws\/livre\/wp-content\/uploads\/2014\/08\/couv-livre-light-231x300.jpg\" alt=\"couv-livre-light\" width=\"116\" height=\"150\" srcset=\"https:\/\/oeil-esprit.com\/livreflore\/wp-content\/uploads\/2014\/08\/couv-livre-light-231x300.jpg 231w, https:\/\/oeil-esprit.com\/livreflore\/wp-content\/uploads\/2014\/08\/couv-livre-light.jpg 463w\" sizes=\"auto, (max-width: 116px) 100vw, 116px\" \/><\/a><\/p>\n<p>1 Livre +<br \/>\n1 tirage unique de format 20x20cm ayant servi \u00e0 la photogravure du livre.<br \/>\nTirage tamponn\u00e9, non num\u00e9rot\u00e9 et sur un papier diff\u00e9rent de la s\u00e9rie originale.<\/p>\n","protected":false},"featured_media":104,"comment_status":"closed","ping_status":"closed","template":"","meta":{"_et_pb_use_builder":"","_et_pb_old_content":""},"product_cat":[15],"product_tag":[],"class_list":{"0":"post-233","1":"product","2":"type-product","3":"status-publish","4":"has-post-thumbnail","6":"product_cat-livre-tirage-pour-photogravure","8":"first","9":"instock","10":"shipping-taxable","11":"purchasable","12":"product-type-simple"},"yoast_head":"<!-- This site is optimized with the Yoast SEO plugin v23.9 - https:\/\/yoast.com\/wordpress\/plugins\/seo\/ -->\n<title>Livre + Tirage photogravure - L&#039;OEIL DE L&#039;ESPRIT \u00c9ditions<\/title>\n<meta name=\"robots\" content=\"index, follow, max-snippet:-1, max-image-preview:large, max-video-preview:-1\" \/>\n<link rel=\"canonical\" href=\"https:\/\/oeil-esprit.com\/livreflore\/produit\/livre-tirage-photogravure-44\/\" \/>\n<meta property=\"og:locale\" content=\"fr_FR\" \/>\n<meta property=\"og:type\" content=\"article\" \/>\n<meta property=\"og:title\" content=\"Livre + Tirage photogravure - L&#039;OEIL DE L&#039;ESPRIT \u00c9ditions\" \/>\n<meta property=\"og:description\" content=\"1 Livre + 1 tirage unique de format 20x20cm ayant servi \u00e0 la photogravure du livre. Tirage tamponn\u00e9, non num\u00e9rot\u00e9 et sur un papier diff\u00e9rent de la s\u00e9rie originale.\" \/>\n<meta property=\"og:url\" content=\"https:\/\/oeil-esprit.com\/livreflore\/produit\/livre-tirage-photogravure-44\/\" \/>\n<meta property=\"og:site_name\" content=\"L&#039;OEIL DE L&#039;ESPRIT \u00c9ditions\" \/>\n<meta property=\"article:modified_time\" content=\"2014-12-03T14:37:20+00:00\" \/>\n<meta property=\"og:image\" content=\"https:\/\/oeil-esprit.com\/livreflore\/wp-content\/uploads\/2014\/09\/49_web.jpg\" \/>\n\t<meta property=\"og:image:width\" content=\"500\" \/>\n\t<meta property=\"og:image:height\" content=\"500\" \/>\n\t<meta property=\"og:image:type\" content=\"image\/jpeg\" \/>\n<meta name=\"twitter:card\" content=\"summary_large_image\" \/>\n<script type=\"application\/ld+json\" class=\"yoast-schema-graph\">{\"@context\":\"https:\/\/schema.org\",\"@graph\":[{\"@type\":\"WebPage\",\"@id\":\"https:\/\/oeil-esprit.com\/livreflore\/produit\/livre-tirage-photogravure-44\/\",\"url\":\"https:\/\/oeil-esprit.com\/livreflore\/produit\/livre-tirage-photogravure-44\/\",\"name\":\"Livre + Tirage photogravure - L&#039;OEIL DE L&#039;ESPRIT \u00c9ditions\",\"isPartOf\":{\"@id\":\"https:\/\/oeil-esprit.com\/livreflore\/#website\"},\"primaryImageOfPage\":{\"@id\":\"https:\/\/oeil-esprit.com\/livreflore\/produit\/livre-tirage-photogravure-44\/#primaryimage\"},\"image\":{\"@id\":\"https:\/\/oeil-esprit.com\/livreflore\/produit\/livre-tirage-photogravure-44\/#primaryimage\"},\"thumbnailUrl\":\"https:\/\/oeil-esprit.com\/livreflore\/wp-content\/uploads\/2014\/09\/49_web.jpg\",\"datePublished\":\"2014-09-13T07:45:49+00:00\",\"dateModified\":\"2014-12-03T14:37:20+00:00\",\"breadcrumb\":{\"@id\":\"https:\/\/oeil-esprit.com\/livreflore\/produit\/livre-tirage-photogravure-44\/#breadcrumb\"},\"inLanguage\":\"fr-FR\",\"potentialAction\":[{\"@type\":\"ReadAction\",\"target\":[\"https:\/\/oeil-esprit.com\/livreflore\/produit\/livre-tirage-photogravure-44\/\"]}]},{\"@type\":\"ImageObject\",\"inLanguage\":\"fr-FR\",\"@id\":\"https:\/\/oeil-esprit.com\/livreflore\/produit\/livre-tirage-photogravure-44\/#primaryimage\",\"url\":\"https:\/\/oeil-esprit.com\/livreflore\/wp-content\/uploads\/2014\/09\/49_web.jpg\",\"contentUrl\":\"https:\/\/oeil-esprit.com\/livreflore\/wp-content\/uploads\/2014\/09\/49_web.jpg\",\"width\":500,\"height\":500},{\"@type\":\"BreadcrumbList\",\"@id\":\"https:\/\/oeil-esprit.com\/livreflore\/produit\/livre-tirage-photogravure-44\/#breadcrumb\",\"itemListElement\":[{\"@type\":\"ListItem\",\"position\":1,\"name\":\"Accueil\",\"item\":\"https:\/\/oeil-esprit.com\/livreflore\/\"},{\"@type\":\"ListItem\",\"position\":2,\"name\":\"Boutique\",\"item\":\"https:\/\/oeil-esprit.com\/livreflore\/boutique\/\"},{\"@type\":\"ListItem\",\"position\":3,\"name\":\"Livre + Tirage photogravure\"}]},{\"@type\":\"WebSite\",\"@id\":\"https:\/\/oeil-esprit.com\/livreflore\/#website\",\"url\":\"https:\/\/oeil-esprit.com\/livreflore\/\",\"name\":\"L&#039;OEIL DE L&#039;ESPRIT \u00c9ditions\",\"description\":\"D\u00e9couvrez les livres de la photographe FLORE\",\"potentialAction\":[{\"@type\":\"SearchAction\",\"target\":{\"@type\":\"EntryPoint\",\"urlTemplate\":\"https:\/\/oeil-esprit.com\/livreflore\/?s={search_term_string}\"},\"query-input\":{\"@type\":\"PropertyValueSpecification\",\"valueRequired\":true,\"valueName\":\"search_term_string\"}}],\"inLanguage\":\"fr-FR\"}]}<\/script>\n<!-- \/ Yoast SEO plugin. -->","yoast_head_json":{"title":"Livre + Tirage photogravure - L&#039;OEIL DE L&#039;ESPRIT \u00c9ditions","robots":{"index":"index","follow":"follow","max-snippet":"max-snippet:-1","max-image-preview":"max-image-preview:large","max-video-preview":"max-video-preview:-1"},"canonical":"https:\/\/oeil-esprit.com\/livreflore\/produit\/livre-tirage-photogravure-44\/","og_locale":"fr_FR","og_type":"article","og_title":"Livre + Tirage photogravure - L&#039;OEIL DE L&#039;ESPRIT \u00c9ditions","og_description":"1 Livre + 1 tirage unique de format 20x20cm ayant servi \u00e0 la photogravure du livre. Tirage tamponn\u00e9, non num\u00e9rot\u00e9 et sur un papier diff\u00e9rent de la s\u00e9rie originale.","og_url":"https:\/\/oeil-esprit.com\/livreflore\/produit\/livre-tirage-photogravure-44\/","og_site_name":"L&#039;OEIL DE L&#039;ESPRIT \u00c9ditions","article_modified_time":"2014-12-03T14:37:20+00:00","og_image":[{"width":500,"height":500,"url":"https:\/\/oeil-esprit.com\/livreflore\/wp-content\/uploads\/2014\/09\/49_web.jpg","type":"image\/jpeg"}],"twitter_card":"summary_large_image","schema":{"@context":"https:\/\/schema.org","@graph":[{"@type":"WebPage","@id":"https:\/\/oeil-esprit.com\/livreflore\/produit\/livre-tirage-photogravure-44\/","url":"https:\/\/oeil-esprit.com\/livreflore\/produit\/livre-tirage-photogravure-44\/","name":"Livre + Tirage photogravure - L&#039;OEIL DE L&#039;ESPRIT \u00c9ditions","isPartOf":{"@id":"https:\/\/oeil-esprit.com\/livreflore\/#website"},"primaryImageOfPage":{"@id":"https:\/\/oeil-esprit.com\/livreflore\/produit\/livre-tirage-photogravure-44\/#primaryimage"},"image":{"@id":"https:\/\/oeil-esprit.com\/livreflore\/produit\/livre-tirage-photogravure-44\/#primaryimage"},"thumbnailUrl":"https:\/\/oeil-esprit.com\/livreflore\/wp-content\/uploads\/2014\/09\/49_web.jpg","datePublished":"2014-09-13T07:45:49+00:00","dateModified":"2014-12-03T14:37:20+00:00","breadcrumb":{"@id":"https:\/\/oeil-esprit.com\/livreflore\/produit\/livre-tirage-photogravure-44\/#breadcrumb"},"inLanguage":"fr-FR","potentialAction":[{"@type":"ReadAction","target":["https:\/\/oeil-esprit.com\/livreflore\/produit\/livre-tirage-photogravure-44\/"]}]},{"@type":"ImageObject","inLanguage":"fr-FR","@id":"https:\/\/oeil-esprit.com\/livreflore\/produit\/livre-tirage-photogravure-44\/#primaryimage","url":"https:\/\/oeil-esprit.com\/livreflore\/wp-content\/uploads\/2014\/09\/49_web.jpg","contentUrl":"https:\/\/oeil-esprit.com\/livreflore\/wp-content\/uploads\/2014\/09\/49_web.jpg","width":500,"height":500},{"@type":"BreadcrumbList","@id":"https:\/\/oeil-esprit.com\/livreflore\/produit\/livre-tirage-photogravure-44\/#breadcrumb","itemListElement":[{"@type":"ListItem","position":1,"name":"Accueil","item":"https:\/\/oeil-esprit.com\/livreflore\/"},{"@type":"ListItem","position":2,"name":"Boutique","item":"https:\/\/oeil-esprit.com\/livreflore\/boutique\/"},{"@type":"ListItem","position":3,"name":"Livre + Tirage photogravure"}]},{"@type":"WebSite","@id":"https:\/\/oeil-esprit.com\/livreflore\/#website","url":"https:\/\/oeil-esprit.com\/livreflore\/","name":"L&#039;OEIL DE L&#039;ESPRIT \u00c9ditions","description":"D\u00e9couvrez les livres de la photographe FLORE","potentialAction":[{"@type":"SearchAction","target":{"@type":"EntryPoint","urlTemplate":"https:\/\/oeil-esprit.com\/livreflore\/?s={search_term_string}"},"query-input":{"@type":"PropertyValueSpecification","valueRequired":true,"valueName":"search_term_string"}}],"inLanguage":"fr-FR"}]}},"_links":{"self":[{"href":"https:\/\/oeil-esprit.com\/livreflore\/wp-json\/wp\/v2\/product\/233","targetHints":{"allow":["GET"]}}],"collection":[{"href":"https:\/\/oeil-esprit.com\/livreflore\/wp-json\/wp\/v2\/product"}],"about":[{"href":"https:\/\/oeil-esprit.com\/livreflore\/wp-json\/wp\/v2\/types\/product"}],"replies":[{"embeddable":true,"href":"https:\/\/oeil-esprit.com\/livreflore\/wp-json\/wp\/v2\/comments?post=233"}],"wp:featuredmedia":[{"embeddable":true,"href":"https:\/\/oeil-esprit.com\/livreflore\/wp-json\/wp\/v2\/media\/104"}],"wp:attachment":[{"href":"https:\/\/oeil-esprit.com\/livreflore\/wp-json\/wp\/v2\/media?parent=233"}],"wp:term":[{"taxonomy":"product_cat","embeddable":true,"href":"https:\/\/oeil-esprit.com\/livreflore\/wp-json\/wp\/v2\/product_cat?post=233"},{"taxonomy":"product_tag","embeddable":true,"href":"https:\/\/oeil-esprit.com\/livreflore\/wp-json\/wp\/v2\/product_tag?post=233"}],"curies":[{"name":"wp","href":"https:\/\/api.w.org\/{rel}","templated":true}]}}