{"id":639,"date":"2018-04-05T17:54:22","date_gmt":"2018-04-05T17:54:22","guid":{"rendered":"http:\/\/oeil-esprit.com\/livreflore\/produit\/edition-speciale-rivesaltes\/"},"modified":"2021-01-20T22:22:46","modified_gmt":"2021-01-20T22:22:46","slug":"edition-speciale-rivesaltes","status":"publish","type":"product","link":"https:\/\/oeil-esprit.com\/livreflore\/produit\/edition-speciale-rivesaltes\/","title":{"rendered":"\u00c9dition sp\u00e9ciale Rivesaltes"},"content":{"rendered":"<div id=\"attachment_654\" style=\"width: 310px\" class=\"wp-caption alignleft\"><img loading=\"lazy\" decoding=\"async\" aria-describedby=\"caption-attachment-654\" class=\"wp-image-654 size-medium\" src=\"http:\/\/oeil-esprit.com\/livreflore\/wp-content\/uploads\/2018\/04\/rivesaltes-netb-300x300.jpg\" width=\"300\" height=\"300\" srcset=\"https:\/\/oeil-esprit.com\/livreflore\/wp-content\/uploads\/2018\/04\/rivesaltes-netb-300x300.jpg 300w, https:\/\/oeil-esprit.com\/livreflore\/wp-content\/uploads\/2018\/04\/rivesaltes-netb-400x400.jpg 400w, https:\/\/oeil-esprit.com\/livreflore\/wp-content\/uploads\/2018\/04\/rivesaltes-netb-100x100.jpg 100w, https:\/\/oeil-esprit.com\/livreflore\/wp-content\/uploads\/2018\/04\/rivesaltes-netb-150x150.jpg 150w, https:\/\/oeil-esprit.com\/livreflore\/wp-content\/uploads\/2018\/04\/rivesaltes-netb.jpg 500w\" sizes=\"auto, (max-width: 300px) 100vw, 300px\" \/><p id=\"caption-attachment-654\" class=\"wp-caption-text\">#1 N&amp;B<\/p><\/div>\n<div id=\"attachment_644\" style=\"width: 310px\" class=\"wp-caption alignleft\"><img loading=\"lazy\" decoding=\"async\" aria-describedby=\"caption-attachment-644\" class=\"size-medium wp-image-644\" src=\"http:\/\/oeil-esprit.com\/livreflore\/wp-content\/uploads\/2018\/04\/rivesaltescouleur-300x300.jpg\" alt=\"#2 Tirage Couleur\" width=\"300\" height=\"300\" srcset=\"https:\/\/oeil-esprit.com\/livreflore\/wp-content\/uploads\/2018\/04\/rivesaltescouleur-300x300.jpg 300w, https:\/\/oeil-esprit.com\/livreflore\/wp-content\/uploads\/2018\/04\/rivesaltescouleur-400x400.jpg 400w, https:\/\/oeil-esprit.com\/livreflore\/wp-content\/uploads\/2018\/04\/rivesaltescouleur-100x100.jpg 100w, https:\/\/oeil-esprit.com\/livreflore\/wp-content\/uploads\/2018\/04\/rivesaltescouleur-150x150.jpg 150w, https:\/\/oeil-esprit.com\/livreflore\/wp-content\/uploads\/2018\/04\/rivesaltescouleur.jpg 500w\" sizes=\"auto, (max-width: 300px) 100vw, 300px\" \/><p id=\"caption-attachment-644\" class=\"wp-caption-text\">#2 Tirage Couleur<\/p><\/div>\n","protected":false},"excerpt":{"rendered":"<p>1 \u00e9dition limit\u00e9e du livre, sign\u00e9e et num\u00e9rot\u00e9e sur 30<br \/>\n+ 1 photographie originale au choix, sign\u00e9e et num\u00e9rot\u00e9e sur 15.<br \/>\n<em>#1 N&amp;B : Tirage pigmentaire sur papier japonais, Format 13&#215;18 cm<br \/>\n#2 Couleur : Tirage pigmentaire sur papier Fine Art, Format 14&#215;14 cm<\/em><\/p>\n","protected":false},"featured_media":657,"comment_status":"closed","ping_status":"closed","template":"","meta":{"_et_pb_use_builder":"","_et_pb_old_content":""},"product_cat":[14],"product_tag":[],"class_list":{"0":"post-639","1":"product","2":"type-product","3":"status-publish","4":"has-post-thumbnail","6":"product_cat-tirage-de-tete","8":"first","9":"instock","10":"shipping-taxable","11":"purchasable","12":"product-type-variable"},"yoast_head":"<!-- This site is optimized with the Yoast SEO plugin v23.9 - https:\/\/yoast.com\/wordpress\/plugins\/seo\/ -->\n<title>\u00c9dition sp\u00e9ciale Rivesaltes - L&#039;OEIL DE L&#039;ESPRIT \u00c9ditions<\/title>\n<meta name=\"robots\" content=\"index, follow, max-snippet:-1, max-image-preview:large, max-video-preview:-1\" \/>\n<link rel=\"canonical\" href=\"https:\/\/oeil-esprit.com\/livreflore\/produit\/edition-speciale-rivesaltes\/\" \/>\n<meta property=\"og:locale\" content=\"fr_FR\" \/>\n<meta property=\"og:type\" content=\"article\" \/>\n<meta property=\"og:title\" content=\"\u00c9dition sp\u00e9ciale Rivesaltes - L&#039;OEIL DE L&#039;ESPRIT \u00c9ditions\" \/>\n<meta property=\"og:description\" content=\"1 \u00e9dition limit\u00e9e du livre, sign\u00e9e et num\u00e9rot\u00e9e sur 30 + 1 photographie originale au choix, sign\u00e9e et num\u00e9rot\u00e9e sur 15. #1 N&amp;B : Tirage pigmentaire sur papier japonais, Format 13x18 cm #2 Couleur : Tirage pigmentaire sur papier Fine Art, Format 14x14 cm\" \/>\n<meta property=\"og:url\" content=\"https:\/\/oeil-esprit.com\/livreflore\/produit\/edition-speciale-rivesaltes\/\" \/>\n<meta property=\"og:site_name\" content=\"L&#039;OEIL DE L&#039;ESPRIT \u00c9ditions\" \/>\n<meta property=\"article:modified_time\" content=\"2021-01-20T22:22:46+00:00\" \/>\n<meta property=\"og:image\" content=\"https:\/\/oeil-esprit.com\/livreflore\/wp-content\/uploads\/2014\/07\/editionspecialerivesaltes.jpg\" \/>\n\t<meta property=\"og:image:width\" content=\"500\" \/>\n\t<meta property=\"og:image:height\" content=\"500\" \/>\n\t<meta property=\"og:image:type\" content=\"image\/jpeg\" \/>\n<meta name=\"twitter:card\" content=\"summary_large_image\" \/>\n<script type=\"application\/ld+json\" class=\"yoast-schema-graph\">{\"@context\":\"https:\/\/schema.org\",\"@graph\":[{\"@type\":\"WebPage\",\"@id\":\"https:\/\/oeil-esprit.com\/livreflore\/produit\/edition-speciale-rivesaltes\/\",\"url\":\"https:\/\/oeil-esprit.com\/livreflore\/produit\/edition-speciale-rivesaltes\/\",\"name\":\"\u00c9dition sp\u00e9ciale Rivesaltes - L&#039;OEIL DE L&#039;ESPRIT \u00c9ditions\",\"isPartOf\":{\"@id\":\"https:\/\/oeil-esprit.com\/livreflore\/#website\"},\"primaryImageOfPage\":{\"@id\":\"https:\/\/oeil-esprit.com\/livreflore\/produit\/edition-speciale-rivesaltes\/#primaryimage\"},\"image\":{\"@id\":\"https:\/\/oeil-esprit.com\/livreflore\/produit\/edition-speciale-rivesaltes\/#primaryimage\"},\"thumbnailUrl\":\"https:\/\/oeil-esprit.com\/livreflore\/wp-content\/uploads\/2014\/07\/editionspecialerivesaltes.jpg\",\"datePublished\":\"2018-04-05T17:54:22+00:00\",\"dateModified\":\"2021-01-20T22:22:46+00:00\",\"breadcrumb\":{\"@id\":\"https:\/\/oeil-esprit.com\/livreflore\/produit\/edition-speciale-rivesaltes\/#breadcrumb\"},\"inLanguage\":\"fr-FR\",\"potentialAction\":[{\"@type\":\"ReadAction\",\"target\":[\"https:\/\/oeil-esprit.com\/livreflore\/produit\/edition-speciale-rivesaltes\/\"]}]},{\"@type\":\"ImageObject\",\"inLanguage\":\"fr-FR\",\"@id\":\"https:\/\/oeil-esprit.com\/livreflore\/produit\/edition-speciale-rivesaltes\/#primaryimage\",\"url\":\"https:\/\/oeil-esprit.com\/livreflore\/wp-content\/uploads\/2014\/07\/editionspecialerivesaltes.jpg\",\"contentUrl\":\"https:\/\/oeil-esprit.com\/livreflore\/wp-content\/uploads\/2014\/07\/editionspecialerivesaltes.jpg\",\"width\":500,\"height\":500},{\"@type\":\"BreadcrumbList\",\"@id\":\"https:\/\/oeil-esprit.com\/livreflore\/produit\/edition-speciale-rivesaltes\/#breadcrumb\",\"itemListElement\":[{\"@type\":\"ListItem\",\"position\":1,\"name\":\"Accueil\",\"item\":\"https:\/\/oeil-esprit.com\/livreflore\/\"},{\"@type\":\"ListItem\",\"position\":2,\"name\":\"Boutique\",\"item\":\"https:\/\/oeil-esprit.com\/livreflore\/boutique\/\"},{\"@type\":\"ListItem\",\"position\":3,\"name\":\"\u00c9dition sp\u00e9ciale Rivesaltes\"}]},{\"@type\":\"WebSite\",\"@id\":\"https:\/\/oeil-esprit.com\/livreflore\/#website\",\"url\":\"https:\/\/oeil-esprit.com\/livreflore\/\",\"name\":\"L&#039;OEIL DE L&#039;ESPRIT \u00c9ditions\",\"description\":\"D\u00e9couvrez les livres de la photographe FLORE\",\"potentialAction\":[{\"@type\":\"SearchAction\",\"target\":{\"@type\":\"EntryPoint\",\"urlTemplate\":\"https:\/\/oeil-esprit.com\/livreflore\/?s={search_term_string}\"},\"query-input\":{\"@type\":\"PropertyValueSpecification\",\"valueRequired\":true,\"valueName\":\"search_term_string\"}}],\"inLanguage\":\"fr-FR\"}]}<\/script>\n<!-- \/ Yoast SEO plugin. -->","yoast_head_json":{"title":"\u00c9dition sp\u00e9ciale Rivesaltes - L&#039;OEIL DE L&#039;ESPRIT \u00c9ditions","robots":{"index":"index","follow":"follow","max-snippet":"max-snippet:-1","max-image-preview":"max-image-preview:large","max-video-preview":"max-video-preview:-1"},"canonical":"https:\/\/oeil-esprit.com\/livreflore\/produit\/edition-speciale-rivesaltes\/","og_locale":"fr_FR","og_type":"article","og_title":"\u00c9dition sp\u00e9ciale Rivesaltes - L&#039;OEIL DE L&#039;ESPRIT \u00c9ditions","og_description":"1 \u00e9dition limit\u00e9e du livre, sign\u00e9e et num\u00e9rot\u00e9e sur 30 + 1 photographie originale au choix, sign\u00e9e et num\u00e9rot\u00e9e sur 15. #1 N&amp;B : Tirage pigmentaire sur papier japonais, Format 13x18 cm #2 Couleur : Tirage pigmentaire sur papier Fine Art, Format 14x14 cm","og_url":"https:\/\/oeil-esprit.com\/livreflore\/produit\/edition-speciale-rivesaltes\/","og_site_name":"L&#039;OEIL DE L&#039;ESPRIT \u00c9ditions","article_modified_time":"2021-01-20T22:22:46+00:00","og_image":[{"width":500,"height":500,"url":"https:\/\/oeil-esprit.com\/livreflore\/wp-content\/uploads\/2014\/07\/editionspecialerivesaltes.jpg","type":"image\/jpeg"}],"twitter_card":"summary_large_image","schema":{"@context":"https:\/\/schema.org","@graph":[{"@type":"WebPage","@id":"https:\/\/oeil-esprit.com\/livreflore\/produit\/edition-speciale-rivesaltes\/","url":"https:\/\/oeil-esprit.com\/livreflore\/produit\/edition-speciale-rivesaltes\/","name":"\u00c9dition sp\u00e9ciale Rivesaltes - L&#039;OEIL DE L&#039;ESPRIT \u00c9ditions","isPartOf":{"@id":"https:\/\/oeil-esprit.com\/livreflore\/#website"},"primaryImageOfPage":{"@id":"https:\/\/oeil-esprit.com\/livreflore\/produit\/edition-speciale-rivesaltes\/#primaryimage"},"image":{"@id":"https:\/\/oeil-esprit.com\/livreflore\/produit\/edition-speciale-rivesaltes\/#primaryimage"},"thumbnailUrl":"https:\/\/oeil-esprit.com\/livreflore\/wp-content\/uploads\/2014\/07\/editionspecialerivesaltes.jpg","datePublished":"2018-04-05T17:54:22+00:00","dateModified":"2021-01-20T22:22:46+00:00","breadcrumb":{"@id":"https:\/\/oeil-esprit.com\/livreflore\/produit\/edition-speciale-rivesaltes\/#breadcrumb"},"inLanguage":"fr-FR","potentialAction":[{"@type":"ReadAction","target":["https:\/\/oeil-esprit.com\/livreflore\/produit\/edition-speciale-rivesaltes\/"]}]},{"@type":"ImageObject","inLanguage":"fr-FR","@id":"https:\/\/oeil-esprit.com\/livreflore\/produit\/edition-speciale-rivesaltes\/#primaryimage","url":"https:\/\/oeil-esprit.com\/livreflore\/wp-content\/uploads\/2014\/07\/editionspecialerivesaltes.jpg","contentUrl":"https:\/\/oeil-esprit.com\/livreflore\/wp-content\/uploads\/2014\/07\/editionspecialerivesaltes.jpg","width":500,"height":500},{"@type":"BreadcrumbList","@id":"https:\/\/oeil-esprit.com\/livreflore\/produit\/edition-speciale-rivesaltes\/#breadcrumb","itemListElement":[{"@type":"ListItem","position":1,"name":"Accueil","item":"https:\/\/oeil-esprit.com\/livreflore\/"},{"@type":"ListItem","position":2,"name":"Boutique","item":"https:\/\/oeil-esprit.com\/livreflore\/boutique\/"},{"@type":"ListItem","position":3,"name":"\u00c9dition sp\u00e9ciale Rivesaltes"}]},{"@type":"WebSite","@id":"https:\/\/oeil-esprit.com\/livreflore\/#website","url":"https:\/\/oeil-esprit.com\/livreflore\/","name":"L&#039;OEIL DE L&#039;ESPRIT \u00c9ditions","description":"D\u00e9couvrez les livres de la photographe FLORE","potentialAction":[{"@type":"SearchAction","target":{"@type":"EntryPoint","urlTemplate":"https:\/\/oeil-esprit.com\/livreflore\/?s={search_term_string}"},"query-input":{"@type":"PropertyValueSpecification","valueRequired":true,"valueName":"search_term_string"}}],"inLanguage":"fr-FR"}]}},"_links":{"self":[{"href":"https:\/\/oeil-esprit.com\/livreflore\/wp-json\/wp\/v2\/product\/639","targetHints":{"allow":["GET"]}}],"collection":[{"href":"https:\/\/oeil-esprit.com\/livreflore\/wp-json\/wp\/v2\/product"}],"about":[{"href":"https:\/\/oeil-esprit.com\/livreflore\/wp-json\/wp\/v2\/types\/product"}],"replies":[{"embeddable":true,"href":"https:\/\/oeil-esprit.com\/livreflore\/wp-json\/wp\/v2\/comments?post=639"}],"wp:featuredmedia":[{"embeddable":true,"href":"https:\/\/oeil-esprit.com\/livreflore\/wp-json\/wp\/v2\/media\/657"}],"wp:attachment":[{"href":"https:\/\/oeil-esprit.com\/livreflore\/wp-json\/wp\/v2\/media?parent=639"}],"wp:term":[{"taxonomy":"product_cat","embeddable":true,"href":"https:\/\/oeil-esprit.com\/livreflore\/wp-json\/wp\/v2\/product_cat?post=639"},{"taxonomy":"product_tag","embeddable":true,"href":"https:\/\/oeil-esprit.com\/livreflore\/wp-json\/wp\/v2\/product_tag?post=639"}],"curies":[{"name":"wp","href":"https:\/\/api.w.org\/{rel}","templated":true}]}}